{"id":1916,"date":"2014-09-15T03:14:21","date_gmt":"2014-09-15T03:14:21","guid":{"rendered":"http:\/\/veented.com\/workshops\/north\/north2\/?page_id=1916"},"modified":"2022-09-16T11:38:03","modified_gmt":"2022-09-16T09:38:03","slug":"home","status":"publish","type":"page","link":"https:\/\/www.japonfasotour.com\/index.php\/home\/","title":{"rendered":"Home"},"content":{"rendered":"<p>[vc_row el_id=\u00a0\u00bbfirst\u00a0\u00bb content_width=\u00a0\u00bbfullwidth\u00a0\u00bb css=\u00a0\u00bb.vc_custom_1405098881992{padding-top: 0px !important;padding-bottom: 0px !important;}\u00a0\u00bb fullwidth=\u00a0\u00bbyes\u00a0\u00bb row_width=\u00a0\u00bbfullwidth\u00a0\u00bb][vc_column][rev_slider_vc alias=\u00a0\u00bbnorth_home\u00a0\u00bb][\/vc_column][\/vc_row][vc_row el_id=\u00a0\u00bbwhoarewe\u00a0\u00bb][vc_column width=\u00a0\u00bb1\/4&Prime;][vc_single_image image=\u00a0\u00bb2098&Prime; img_size=\u00a0\u00bblarge\u00a0\u00bb][\/vc_column][vc_column width=\u00a0\u00bb3\/4&Prime;][special_heading title=\u00a0\u00bbQui sommes-nous ?\u00a0\u00bb subtitle=\u00a0\u00bbJapon-Faso tour est un organisme de droit priv\u00e9 burkinab\u00e8 install\u00e9 au Burkina Faso, avec des partenaires Japonais. Nous sommes situ\u00e9s \u00e0 la cit\u00e9 1 200 logements.\u00a0\u00bb margin_bottom=\u00a0\u00bb65&Prime; text_align=\u00a0\u00bbcenter\u00a0\u00bb color=\u00a0\u00bbdark\u00a0\u00bb][\/vc_column][\/vc_row][vc_row parallax=\u00a0\u00bbyes\u00a0\u00bb el_id=\u00a0\u00bbcible\u00a0\u00bb color_scheme=\u00a0\u00bbwhite\u00a0\u00bb bg_overlay=\u00a0\u00bbdarker\u00a0\u00bb css=\u00a0\u00bb.vc_custom_1517760863253{background-image: url(https:\/\/www.japonfasotour.com\/wp-content\/uploads\/2018\/02\/ouaga_.jpg?id=2076) !important;}\u00a0\u00bb][vc_column][special_heading title=\u00a0\u00bbA qui nous adressons nous ?\u00a0\u00bb subtitle=\u00a0\u00bbJapon Faso Tour s&rsquo;adresse \u00e0 tous les africains en g\u00e9n\u00e9ral, et les burkinab\u00e9s en particulier, qui souhaitent aller au Japon pour :\u00a0\u00bb][vc_row_inner][vc_column_inner width=\u00a0\u00bb1\/4&Prime;][icon_box title=\u00a0\u00bbEtudes \/ Stages\u00a0\u00bb text=\u00a0\u00bbEtudiants, travailleurs, etc. nous vous accompagnons dans la recherche de structures de \u00e0 la pointe de la technologies pour vos \u00e9tudes et vos stages.\u00a0\u00bb style=\u00a0\u00bbcentered\u00a0\u00bb animation_delay=\u00a0\u00bb300&Prime; icon_fontawesome=\u00a0\u00bbfa fa-graduation-cap\u00a0\u00bb text_style=\u00a0\u00bbfullwidth\u00a0\u00bb icon=\u00a0\u00bbfa-desktop\u00a0\u00bb][\/vc_column_inner][vc_column_inner width=\u00a0\u00bb1\/4&Prime;][icon_box title=\u00a0\u00bbFormations\u00a0\u00bb text=\u00a0\u00bbNous vous assistons dans la recherche de formations en ad\u00e9quation avec le secteur d&rsquo;activit\u00e9 au Japon.\u00a0\u00bb style=\u00a0\u00bbcentered\u00a0\u00bb animation_delay=\u00a0\u00bb500&Prime; icon_fontawesome=\u00a0\u00bbfas fa-user\u00a0\u00bb text_style=\u00a0\u00bbfullwidth\u00a0\u00bb icon=\u00a0\u00bbfa-comments-o\u00a0\u00bb][\/vc_column_inner][vc_column_inner width=\u00a0\u00bb1\/4&Prime;][icon_box title=\u00a0\u00bbEntreprises\u00a0\u00bb text=\u00a0\u00bbHommes d&rsquo;affaires, commer\u00e7ant, etc. vous souhaitez nouer des relations commerciales avec le Japon. Contactez-nous\u00a0\u00bb style=\u00a0\u00bbcentered\u00a0\u00bb animation_delay=\u00a0\u00bb700&Prime; icon_fontawesome=\u00a0\u00bbfas fa-yen-sign\u00a0\u00bb text_style=\u00a0\u00bbfullwidth\u00a0\u00bb icon=\u00a0\u00bbfa-life-ring\u00a0\u00bb][\/vc_column_inner][vc_column_inner width=\u00a0\u00bb1\/4&Prime;][icon_box title=\u00a0\u00bbTourisme\u00a0\u00bb text=\u00a0\u00bbVenez d\u00e9couvrir la riche culture du pays du soleil levant.\u00a0\u00bb style=\u00a0\u00bbcentered\u00a0\u00bb animation_delay=\u00a0\u00bb900&Prime; icon_fontawesome=\u00a0\u00bbfa fa-plane\u00a0\u00bb text_style=\u00a0\u00bbfullwidth\u00a0\u00bb icon=\u00a0\u00bbfa-flask\u00a0\u00bb][\/vc_column_inner][\/vc_row_inner][\/vc_column][\/vc_row][vc_row parallax=\u00a0\u00bbyes\u00a0\u00bb el_id=\u00a0\u00bbactivites\u00a0\u00bb bg_overlay=\u00a0\u00bblight\u00a0\u00bb css=\u00a0\u00bb.vc_custom_1517718162945{background-image: url(http:\/\/veented.com\/workshops\/north\/north2\/wp-content\/uploads\/2014\/07\/i41.jpg?id=539) !important;background-position: center;background-repeat: no-repeat !important;background-size: cover !important;}\u00a0\u00bb darken=\u00a0\u00bblight\u00a0\u00bb][vc_column][vc_row_inner][vc_column_inner width=\u00a0\u00bb1\/4&Prime;][vc_single_image image=\u00a0\u00bb2096&Prime; img_size=\u00a0\u00bbmedium\u00a0\u00bb][\/vc_column_inner][vc_column_inner width=\u00a0\u00bb3\/4&Prime;][special_heading title=\u00a0\u00bbNOS ACTIVITES\u00a0\u00bb subtitle=\u00a0\u00bbJapan Faso Tour (J.F.Tour) et son bureau de Tokyo au Japon ont pour objectif de cr\u00e9er une voie d&rsquo;acc\u00e8s entre le Japon et le Burkina Faso afin de faciliter les \u00e9changes gagnant-gagnant entre les deux Peuples, tant sur le plan culturel que commercial. Pour ce faire, les deux entit\u00e9s ont mis en place un produit d\u00e9nomm\u00e9 \u00ab ACCESS JAPON BURKINA \u00bb.<br \/>\n\u00ab ACCESS JAPON BURKINA \u00bb accueille, oriente et pr\u00e9pare toute personne d\u00e9sireuse de se rendre au Japon pour des \u00e9tudes, des formations, des stages, des affaires ou du tourisme.\u00a0\u00bb color=\u00a0\u00bbdark\u00a0\u00bb][\/vc_column_inner][\/vc_row_inner][services_carousel posts_nr=\u00a0\u00bb5&Prime;][\/vc_column][\/vc_row][vc_row el_id=\u00a0\u00bbgallerie\u00a0\u00bb css=\u00a0\u00bb.vc_custom_1637247871847{padding-top: 0px !important;padding-bottom: 0px !important;}\u00a0\u00bb][vc_column][special_heading title=\u00a0\u00bbGall\u00e9rie\u00a0\u00bb subtitle=\u00a0\u00bb\u00a0\u00bb][\/vc_column][\/vc_row][vc_row el_id=\u00a0\u00bbpartenaires\u00a0\u00bb css=\u00a0\u00bb.vc_custom_1517753603997{padding-top: 0px !important;padding-bottom: 0px !important;}\u00a0\u00bb][vc_column][special_heading title=\u00a0\u00bbPartenaires\u00a0\u00bb subtitle=\u00a0\u00bb\u00a0\u00bb][logos_carousel images=\u00a0\u00bb2122,2051&Prime; onclick=\u00a0\u00bbcustom_link\u00a0\u00bb][\/vc_column][\/vc_row][vc_row el_id=\u00a0\u00bbcontacts\u00a0\u00bb bg_overlay=\u00a0\u00bblight\u00a0\u00bb css=\u00a0\u00bb.vc_custom_1517718474954{padding-bottom: 70px !important;background-position: center !important;background-repeat: no-repeat !important;background-size: cover !important;}\u00a0\u00bb darken=\u00a0\u00bblight\u00a0\u00bb][vc_column width=\u00a0\u00bb1\/2&Prime;][special_heading title=\u00a0\u00bbContacts\u00a0\u00bb subtitle=\u00a0\u00bb\u00a0\u00bb color=\u00a0\u00bbdark\u00a0\u00bb][vc_column_text]<strong>Au Burkina :<\/strong><\/p>\n<p>T\u00e9l: <strong>+226 25 50 86 68 \/ 25 47 26 06<\/strong><\/p>\n<p>Mobile: <strong>+226 70 27 25 08 \/ 78 56 56 31<\/strong><\/p>\n<p>whatsapp <strong>(07041335538)<\/strong><\/p>\n<p>Boite postale: <strong>09 BP 560 Ouagadougou 09<\/strong><\/p>\n<p>A Ouagadougou, retrouvez-nous au 1200 logements, \u00e0 la villa N\u00b0 384<\/p>\n<p>Email: <strong>support@japonfasotour.com<\/strong><\/p>\n<p>&nbsp;<\/p>\n<p><strong>Au Japon :<\/strong><\/p>\n<p><strong>TOKYO-TO SUGINAMI-KU AMANUMA<\/strong><\/p>\n<p><strong>3-34- CASA GREGIO 501<\/strong><\/p>\n<p>T\u00e9l : <strong>+81 70-4133-5538<\/strong><\/p>\n<p>[\/vc_column_text][vc_column_text][\/vc_column_text][vc_column_text]<\/p>\n<p><strong>NOUS ECRIRE<\/strong><\/p>\n<div role=\"form\" class=\"wpcf7\" id=\"wpcf7-f1917-o1\" lang=\"fr-FR\" dir=\"ltr\">\n<div class=\"screen-reader-response\"><p role=\"status\" aria-live=\"polite\" aria-atomic=\"true\"><\/p> <ul><\/ul><\/div>\n<form action=\"\/index.php\/wp-json\/wp\/v2\/pages\/1916#wpcf7-f1917-o1\" method=\"post\" class=\"wpcf7-form init\" novalidate=\"novalidate\" data-status=\"init\">\n<div style=\"display: none;\">\n<input type=\"hidden\" name=\"_wpcf7\" value=\"1917\" \/>\n<input type=\"hidden\" name=\"_wpcf7_version\" value=\"5.5.2\" \/>\n<input type=\"hidden\" name=\"_wpcf7_locale\" value=\"fr_FR\" \/>\n<input type=\"hidden\" name=\"_wpcf7_unit_tag\" value=\"wpcf7-f1917-o1\" \/>\n<input type=\"hidden\" name=\"_wpcf7_container_post\" value=\"0\" \/>\n<input type=\"hidden\" name=\"_wpcf7_posted_data_hash\" value=\"\" \/>\n<\/div>\n<p><label> Votre nom (obligatoire)<br \/>\n    <span class=\"wpcf7-form-control-wrap your-name\"><input type=\"text\" name=\"your-name\" value=\"\" size=\"40\" class=\"wpcf7-form-control wpcf7-text wpcf7-validates-as-required\" aria-required=\"true\" aria-invalid=\"false\" \/><\/span> <\/label><\/p>\n<p><label> Votre adresse de messagerie (obligatoire)<br \/>\n    <span class=\"wpcf7-form-control-wrap your-email\"><input type=\"email\" name=\"your-email\" value=\"\" size=\"40\" class=\"wpcf7-form-control wpcf7-text wpcf7-email wpcf7-validates-as-required wpcf7-validates-as-email\" aria-required=\"true\" aria-invalid=\"false\" \/><\/span> <\/label><\/p>\n<p><label> Votre message<br \/>\n    <span class=\"wpcf7-form-control-wrap your-message\"><textarea name=\"your-message\" cols=\"40\" rows=\"10\" class=\"wpcf7-form-control wpcf7-textarea\" aria-invalid=\"false\"><\/textarea><\/span> <\/label><\/p>\n<p><input type=\"submit\" value=\"Envoyer\" class=\"wpcf7-form-control has-spinner wpcf7-submit\" \/><\/p>\n<div class=\"wpcf7-response-output\" aria-hidden=\"true\"><\/div><\/form><\/div>[\/vc_column_text][\/vc_column][vc_column width=\u00a0\u00bb1\/2&Prime;][gmap lat=\u00a0\u00bb12.375463&Prime; long=\u00a0\u00bb-1.493776&Prime; marker1_title=\u00a0\u00bbSi\u00e8ge Ouagadougou\u00a0\u00bb marker1_text=\u00a0\u00bb1200 Logements, villa N\u00b0 384&Prime; marker1_location_custom=\u00a0\u00bb\u00a0\u00bb][\/vc_column][\/vc_row]<\/p>\n","protected":false},"excerpt":{"rendered":"<p>[vc_row el_id=\u00a0\u00bbfirst\u00a0\u00bb content_width=\u00a0\u00bbfullwidth\u00a0\u00bb css=\u00a0\u00bb.vc_custom_1405098881992{padding-top: 0px !important;padding-bottom: 0px !important;}\u00a0\u00bb fullwidth=\u00a0\u00bbyes\u00a0\u00bb row_width=\u00a0\u00bbfullwidth\u00a0\u00bb][vc_column][rev_slider_vc alias=\u00a0\u00bbnorth_home\u00a0\u00bb][\/vc_column][\/vc_row][vc_row el_id=\u00a0\u00bbwhoarewe\u00a0\u00bb][vc_column width=\u00a0\u00bb1\/4&Prime;][vc_single_image image=\u00a0\u00bb2098&Prime; img_size=\u00a0\u00bblarge\u00a0\u00bb][\/vc_column][vc_column width=\u00a0\u00bb3\/4&Prime;][special_heading title=\u00a0\u00bbQui sommes-nous ?\u00a0\u00bb subtitle=\u00a0\u00bbJapon-Faso tour est un organisme de droit priv\u00e9 burkinab\u00e8 install\u00e9 au [&hellip;]<\/p>\n","protected":false},"author":1,"featured_media":0,"parent":0,"menu_order":0,"comment_status":"open","ping_status":"open","template":"template-onepager.php","meta":[],"_links":{"self":[{"href":"https:\/\/www.japonfasotour.com\/index.php\/wp-json\/wp\/v2\/pages\/1916"}],"collection":[{"href":"https:\/\/www.japonfasotour.com\/index.php\/wp-json\/wp\/v2\/pages"}],"about":[{"href":"https:\/\/www.japonfasotour.com\/index.php\/wp-json\/wp\/v2\/types\/page"}],"author":[{"embeddable":true,"href":"https:\/\/www.japonfasotour.com\/index.php\/wp-json\/wp\/v2\/users\/1"}],"replies":[{"embeddable":true,"href":"https:\/\/www.japonfasotour.com\/index.php\/wp-json\/wp\/v2\/comments?post=1916"}],"version-history":[{"count":70,"href":"https:\/\/www.japonfasotour.com\/index.php\/wp-json\/wp\/v2\/pages\/1916\/revisions"}],"predecessor-version":[{"id":2134,"href":"https:\/\/www.japonfasotour.com\/index.php\/wp-json\/wp\/v2\/pages\/1916\/revisions\/2134"}],"wp:attachment":[{"href":"https:\/\/www.japonfasotour.com\/index.php\/wp-json\/wp\/v2\/media?parent=1916"}],"curies":[{"name":"wp","href":"https:\/\/api.w.org\/{rel}","templated":true}]}}